{"id":110,"date":"2020-03-30T14:23:07","date_gmt":"2020-03-30T14:23:07","guid":{"rendered":"https:\/\/bridge350.qodeinteractive.com\/?page_id=110"},"modified":"2022-04-28T02:48:06","modified_gmt":"2022-04-28T02:48:06","slug":"about","status":"publish","type":"page","link":"https:\/\/matadragones.com\/en\/about\/","title":{"rendered":"About"},"content":{"rendered":"<div id=\"modal-ready\">\t\t<div data-elementor-type=\"wp-page\" data-elementor-id=\"110\" class=\"elementor elementor-110\" data-elementor-post-type=\"page\">\n\t\t\t\t\t\t<section class=\"elementor-section elementor-top-section elementor-element elementor-element-e56e987 elementor-section-full_width qode_elementor_container_inner elementor-section-height-default elementor-section-height-default parallax_section_no\" data-id=\"e56e987\" data-element_type=\"section\" data-e-type=\"section\">\n\t\t\t\t\t\t<div class=\"elementor-container elementor-column-gap-no\">\n\t\t\t\t\t<div class=\"elementor-column elementor-col-100 elementor-top-column elementor-element elementor-element-73e84203\" data-id=\"73e84203\" data-element_type=\"column\" data-e-type=\"column\">\n\t\t\t<div class=\"elementor-widget-wrap elementor-element-populated\">\n\t\t\t\t\t\t<div class=\"elementor-element elementor-element-17eae58 elementor-widget elementor-widget-heading\" data-id=\"17eae58\" data-element_type=\"widget\" data-e-type=\"widget\" data-widget_type=\"heading.default\">\n\t\t\t\t<div class=\"elementor-widget-container\">\n\t\t\t\t\t<h1 class=\"elementor-heading-title elementor-size-default\"><strong>DRAGONSLAYERS<\/strong><\/h1>\t\t\t\t<\/div>\n\t\t\t\t<\/div>\n\t\t\t\t<div class=\"elementor-element elementor-element-833ef00 elementor-widget__width-initial elementor-widget elementor-widget-text-editor\" data-id=\"833ef00\" data-element_type=\"widget\" data-e-type=\"widget\" data-widget_type=\"text-editor.default\">\n\t\t\t\t<div class=\"elementor-widget-container\">\n\t\t\t\t\t\t\t\t\t<p><span data-sheets-value=\"{\" data-sheets-userformat=\"{\">Since ancient times the dragon has been a representation of evil and a symbol of struggle.\u00a0<\/span>Matadragones (Dragonslayers) is an audiovisual production company that takes the camera as its main weapon and is ready to combat problems related to image, sound and movement.<\/p><p>\u00a0<\/p><p>Both San Jorge and San Miguel are represented killing the dragon. These coincidentally are the names of the members of Dragonslayers, filmmakers with common goals who take the dragon as their symbol and their strength.<\/p><p>\u00a0<\/p><p>We are a Mexican company dedicated to the production of films, video clips, advertising, photography, music, animation as well as artistic or experimental projects. Our mission is to create unique, different and original audiovisual content of quality.<\/p>\t\t\t\t\t\t\t\t<\/div>\n\t\t\t\t<\/div>\n\t\t\t\t\t<\/div>\n\t\t<\/div>\n\t\t\t\t\t<\/div>\n\t\t<\/section>\n\t\t\t\t<section class=\"elementor-section elementor-top-section elementor-element elementor-element-4281b3d qode_elementor_container_inner elementor-section-boxed elementor-section-height-default elementor-section-height-default parallax_section_no\" data-id=\"4281b3d\" data-element_type=\"section\" data-e-type=\"section\">\n\t\t\t\t\t\t<div class=\"elementor-container elementor-column-gap-wide\">\n\t\t\t\t\t<div class=\"elementor-column elementor-col-50 elementor-top-column elementor-element elementor-element-18d5864\" data-id=\"18d5864\" data-element_type=\"column\" data-e-type=\"column\">\n\t\t\t<div class=\"elementor-widget-wrap elementor-element-populated\">\n\t\t\t\t\t\t<div class=\"elementor-element elementor-element-4d17ed2 jorge-image elementor-widget elementor-widget-bridge_team\" data-id=\"4d17ed2\" data-element_type=\"widget\" data-e-type=\"widget\" data-widget_type=\"bridge_team.default\">\n\t\t\t\t<div class=\"elementor-widget-container\">\n\t\t\t\t\t<div class='q_team info_description_below_image' style='background-color:rgba(2, 1, 1, 0);'><div class='q_team_inner'><div class='q_team_image'><div class='q_team_image_holder'><img width='818' height='1120' itemprop='image' src='data:image\/svg+xml;base64,PHN2ZyB4bWxucz0iaHR0cDovL3d3dy53My5vcmcvMjAwMC9zdmciIHdpZHRoPSI4MTgiIGhlaWdodD0iMTEyMCI+PHJlY3Qgd2lkdGg9IjEwMCUiIGhlaWdodD0iMTAwJSI+PGFuaW1hdGUgYXR0cmlidXRlTmFtZT0iZmlsbCIgdmFsdWVzPSJyZ2JhKDE1MywxNTMsMTUzLDAuNSk7cmdiYSgxNTMsMTUzLDE1MywwLjEpO3JnYmEoMTUzLDE1MywxNTMsMC41KSIgZHVyPSIycyIgcmVwZWF0Q291bnQ9ImluZGVmaW5pdGUiIC8+PC9yZWN0Pjwvc3ZnPg==' alt='JORGE' data-public-id='JORGE-1\/JORGE-1.jpg' class='wp-post-0 wp-image-2225' data-format='jpg' data-transformations='f_auto,q_auto:good' data-version='1616779944' data-seo='1' data-size='818 1120' data-delivery='upload' onload=';window.CLDBind?CLDBind(this):null;' data-cloudinary='lazy' \/><\/div><div class='q_team_text' ><div class='q_team_text_inner'><div class='q_team_title_holder'><h3 class='q_team_name' style = 'color: #BB1731;'>Jorge Bolado<\/h3><\/div><div class='q_team_description_below_image_wrapper'><div class='q_team_description'><div class='q_team_description_inner'><p>As tall as a full-length film (he is two meters tall), a university professor for more than 35 years, a film scholar, musician and a lover of books. He knows more than 80 countries and likes to walk them. A Beatles fan who believes like Abel Gance that cinema is the music of light. Thank you!<\/p><\/div><\/div><\/div><\/div><\/div><div class='q_team_social_holder'><\/div><\/div><\/div><\/div>\t\t\t\t<\/div>\n\t\t\t\t<\/div>\n\t\t\t\t\t<\/div>\n\t\t<\/div>\n\t\t\t\t<div class=\"elementor-column elementor-col-50 elementor-top-column elementor-element elementor-element-296dab3\" data-id=\"296dab3\" data-element_type=\"column\" data-e-type=\"column\">\n\t\t\t<div class=\"elementor-widget-wrap elementor-element-populated\">\n\t\t\t\t\t\t<div class=\"elementor-element elementor-element-2a7694a miguel-image elementor-widget elementor-widget-bridge_team\" data-id=\"2a7694a\" data-element_type=\"widget\" data-e-type=\"widget\" data-widget_type=\"bridge_team.default\">\n\t\t\t\t<div class=\"elementor-widget-container\">\n\t\t\t\t\t<div class='q_team info_description_below_image' style='background-color:rgba(2, 1, 1, 0);'><div class='q_team_inner'><div class='q_team_image'><div class='q_team_image_holder'><img width='818' height='1120' itemprop='image' src='data:image\/svg+xml;base64,PHN2ZyB4bWxucz0iaHR0cDovL3d3dy53My5vcmcvMjAwMC9zdmciIHdpZHRoPSI4MTgiIGhlaWdodD0iMTEyMCI+PHJlY3Qgd2lkdGg9IjEwMCUiIGhlaWdodD0iMTAwJSI+PGFuaW1hdGUgYXR0cmlidXRlTmFtZT0iZmlsbCIgdmFsdWVzPSJyZ2JhKDE1MywxNTMsMTUzLDAuNSk7cmdiYSgxNTMsMTUzLDE1MywwLjEpO3JnYmEoMTUzLDE1MywxNTMsMC41KSIgZHVyPSIycyIgcmVwZWF0Q291bnQ9ImluZGVmaW5pdGUiIC8+PC9yZWN0Pjwvc3ZnPg==' alt='MIGUEL' data-public-id='MIGUEL-2\/MIGUEL-2.jpg' class='wp-post-0 wp-image-2336' data-format='jpg' data-transformations='f_auto,q_auto:good' data-version='1616779918' data-seo='1' data-size='818 1120' data-delivery='upload' onload=';window.CLDBind?CLDBind(this):null;' data-cloudinary='lazy' \/><\/div><div class='q_team_text' ><div class='q_team_text_inner'><div class='q_team_title_holder'><h3 class='q_team_name' style = 'color: #BB1731;'>Miguel Labastida<\/h3><\/div><div class='q_team_description_below_image_wrapper'><div class='q_team_description'><div class='q_team_description_inner'><p>Miguel Labastida is a Mexican-Brazilian film director who has lived in S\u00e3o Paulo, Amsterdam, Vancouver, Valle de Bravo and Mexico City. He speaks Spanish, Portuguese and English even though as a child no one understood him. He likes nature and those who inhabit it even if we don't realize it, like insects, or like him, who grew up in it. He is interested in what really matters, even if it is small, the rest ... what difference does it make?<\/p><\/div><\/div><\/div><\/div><\/div><div class='q_team_social_holder'><\/div><\/div><\/div><\/div>\t\t\t\t<\/div>\n\t\t\t\t<\/div>\n\t\t\t\t\t<\/div>\n\t\t<\/div>\n\t\t\t\t\t<\/div>\n\t\t<\/section>\n\t\t\t\t<section class=\"elementor-section elementor-top-section elementor-element elementor-element-d808671 elementor-section-boxed elementor-section-height-default elementor-section-height-default parallax_section_no qode_elementor_container_no\" data-id=\"d808671\" data-element_type=\"section\" data-e-type=\"section\">\n\t\t\t\t\t\t<div class=\"elementor-container elementor-column-gap-default\">\n\t\t\t\t\t<div class=\"elementor-column elementor-col-100 elementor-top-column elementor-element elementor-element-1306034\" data-id=\"1306034\" data-element_type=\"column\" data-e-type=\"column\">\n\t\t\t<div class=\"elementor-widget-wrap elementor-element-populated\">\n\t\t\t\t\t\t<div class=\"elementor-element elementor-element-9054acb elementor-widget__width-initial elementor-widget elementor-widget-text-editor\" data-id=\"9054acb\" data-element_type=\"widget\" data-e-type=\"widget\" data-widget_type=\"text-editor.default\">\n\t\t\t\t<div class=\"elementor-widget-container\">\n\t\t\t\t\t\t\t\t\t<h5><em>&#8220;Fairy tales do not give the child his first idea of bogey. What fairy tales give the child is his first clear idea of the possible defeat of bogey. The baby has known the dragons intimately ever since he had an imagination. What the fairy tale provides for him is a St. George to kill the dragon.&#8221;<\/em><\/h5><h6><em><br \/><\/em>\u2015 G.K. Chesterton<\/h6>\t\t\t\t\t\t\t\t<\/div>\n\t\t\t\t<\/div>\n\t\t\t\t<div class=\"elementor-element elementor-element-c6822a8 drop elementor-widget elementor-widget-image\" data-id=\"c6822a8\" data-element_type=\"widget\" data-e-type=\"widget\" data-widget_type=\"image.default\">\n\t\t\t\t<div class=\"elementor-widget-container\">\n\t\t\t\t\t\t\t\t\t\t\t\t\t\t\t<img width=\"133\" height=\"133\" decoding=\"async\" src=\"data:image\/svg+xml;base64,PHN2ZyB4bWxucz0iaHR0cDovL3d3dy53My5vcmcvMjAwMC9zdmciIHdpZHRoPSIxMzMiIGhlaWdodD0iMTMzIj48cmVjdCB3aWR0aD0iMTAwJSIgaGVpZ2h0PSIxMDAlIj48YW5pbWF0ZSBhdHRyaWJ1dGVOYW1lPSJmaWxsIiB2YWx1ZXM9InJnYmEoMTUzLDE1MywxNTMsMC41KTtyZ2JhKDE1MywxNTMsMTUzLDAuMSk7cmdiYSgxNTMsMTUzLDE1MywwLjUpIiBkdXI9IjJzIiByZXBlYXRDb3VudD0iaW5kZWZpbml0ZSIgLz48L3JlY3Q+PC9zdmc+\" class=\"attachment-thumbnail size-thumbnail wp-post-110 wp-image-1801\" alt=\"\" data-public-id=\"drop.white_\/drop.white_.png\" data-format=\"png\" data-transformations=\"f_auto,q_auto:good\" data-version=\"1616779929\" data-seo=\"1\" data-size=\"133 133\" data-delivery=\"upload\" onload=\";window.CLDBind?CLDBind(this):null;\" data-cloudinary=\"lazy\" \/>\t\t\t\t\t\t\t\t\t\t\t\t\t\t\t<\/div>\n\t\t\t\t<\/div>\n\t\t\t\t\t<\/div>\n\t\t<\/div>\n\t\t\t\t\t<\/div>\n\t\t<\/section>\n\t\t\t\t<\/div>\n\t\t<\/div>","protected":false},"excerpt":{"rendered":"<p>MATADRAGONES Desde tiempos ancestrales el drag\u00f3n funciona como una representaci\u00f3n del mal y como un s\u00edmbolo de lucha.\u00a0Matadragones es una productora audiovisual que toma la c\u00e1mara como arma principal y est\u00e1 lista para combatir problemas relacionados con la imagen, el sonido y el movimiento. \u00a0&#8230;<\/p>","protected":false},"author":2,"featured_media":0,"parent":0,"menu_order":0,"comment_status":"closed","ping_status":"closed","template":"full_width.php","meta":{"_cloudinary_featured_overwrite":false,"footnotes":""},"class_list":["post-110","page","type-page","status-publish","hentry"],"yoast_head":"<!-- This site is optimized with the Yoast SEO plugin v27.2 - https:\/\/yoast.com\/product\/yoast-seo-wordpress\/ -->\n<title>About | Matadragones<\/title>\n<meta name=\"description\" content=\"Matadragones es una casa productora mexicana de cine dedicada a la creaci\u00f3n de pel\u00edculas, videoclips, publicidad, fotograf\u00eda, m\u00fasica y animaci\u00f3n. \u00a1Escr\u00edbenos!\" \/>\n<meta name=\"robots\" content=\"index, follow, max-snippet:-1, max-image-preview:large, max-video-preview:-1\" \/>\n<link rel=\"canonical\" href=\"https:\/\/matadragones.com\/en\/about\/\" \/>\n<meta property=\"og:locale\" content=\"en_US\" \/>\n<meta property=\"og:type\" content=\"article\" \/>\n<meta property=\"og:title\" content=\"About | Matadragones\" \/>\n<meta property=\"og:description\" content=\"Matadragones es una casa productora mexicana de cine dedicada a la creaci\u00f3n de pel\u00edculas, videoclips, publicidad, fotograf\u00eda, m\u00fasica y animaci\u00f3n. \u00a1Escr\u00edbenos!\" \/>\n<meta property=\"og:url\" content=\"https:\/\/matadragones.com\/en\/about\/\" \/>\n<meta property=\"og:site_name\" content=\"Matadragones\" \/>\n<meta property=\"article:publisher\" content=\"https:\/\/www.facebook.com\/matadragones.mx\" \/>\n<meta property=\"article:modified_time\" content=\"2022-04-28T02:48:06+00:00\" \/>\n<meta property=\"og:image\" content=\"https:\/\/res.cloudinary.com\/dq0qvgzee\/images\/v1616779944\/JORGE-1\/JORGE-1.jpg?_i=AA\" \/>\n<meta name=\"twitter:card\" content=\"summary_large_image\" \/>\n<meta name=\"twitter:label1\" content=\"Est. reading time\" \/>\n\t<meta name=\"twitter:data1\" content=\"2 minutes\" \/>\n<script type=\"application\/ld+json\" class=\"yoast-schema-graph\">{\"@context\":\"https:\/\/schema.org\",\"@graph\":[{\"@type\":\"WebPage\",\"@id\":\"https:\/\/matadragones.com\/about\/\",\"url\":\"https:\/\/matadragones.com\/about\/\",\"name\":\"About | Matadragones\",\"isPartOf\":{\"@id\":\"https:\/\/matadragones.com\/#website\"},\"primaryImageOfPage\":{\"@id\":\"https:\/\/matadragones.com\/about\/#primaryimage\"},\"image\":{\"@id\":\"https:\/\/matadragones.com\/about\/#primaryimage\"},\"thumbnailUrl\":\"https:\/\/res.cloudinary.com\/dq0qvgzee\/images\/v1616779944\/JORGE-1\/JORGE-1.jpg?_i=AA\",\"datePublished\":\"2020-03-30T14:23:07+00:00\",\"dateModified\":\"2022-04-28T02:48:06+00:00\",\"description\":\"Matadragones es una casa productora mexicana de cine dedicada a la creaci\u00f3n de pel\u00edculas, videoclips, publicidad, fotograf\u00eda, m\u00fasica y animaci\u00f3n. \u00a1Escr\u00edbenos!\",\"breadcrumb\":{\"@id\":\"https:\/\/matadragones.com\/about\/#breadcrumb\"},\"inLanguage\":\"en-US\",\"potentialAction\":[{\"@type\":\"ReadAction\",\"target\":[\"https:\/\/matadragones.com\/about\/\"]}]},{\"@type\":\"ImageObject\",\"inLanguage\":\"en-US\",\"@id\":\"https:\/\/matadragones.com\/about\/#primaryimage\",\"url\":\"https:\/\/res.cloudinary.com\/dq0qvgzee\/images\/v1616779944\/JORGE-1\/JORGE-1.jpg?_i=AA\",\"contentUrl\":\"https:\/\/res.cloudinary.com\/dq0qvgzee\/images\/v1616779944\/JORGE-1\/JORGE-1.jpg?_i=AA\"},{\"@type\":\"BreadcrumbList\",\"@id\":\"https:\/\/matadragones.com\/about\/#breadcrumb\",\"itemListElement\":[{\"@type\":\"ListItem\",\"position\":1,\"name\":\"Home\",\"item\":\"https:\/\/matadragones.com\/\"},{\"@type\":\"ListItem\",\"position\":2,\"name\":\"About\"}]},{\"@type\":\"WebSite\",\"@id\":\"https:\/\/matadragones.com\/#website\",\"url\":\"https:\/\/matadragones.com\/\",\"name\":\"Matadragones\",\"description\":\"Imagen Sonido Movimiento\",\"publisher\":{\"@id\":\"https:\/\/matadragones.com\/#organization\"},\"potentialAction\":[{\"@type\":\"SearchAction\",\"target\":{\"@type\":\"EntryPoint\",\"urlTemplate\":\"https:\/\/matadragones.com\/?s={search_term_string}\"},\"query-input\":{\"@type\":\"PropertyValueSpecification\",\"valueRequired\":true,\"valueName\":\"search_term_string\"}}],\"inLanguage\":\"en-US\"},{\"@type\":\"Organization\",\"@id\":\"https:\/\/matadragones.com\/#organization\",\"name\":\"Matadragones\",\"url\":\"https:\/\/matadragones.com\/\",\"logo\":{\"@type\":\"ImageObject\",\"inLanguage\":\"en-US\",\"@id\":\"https:\/\/matadragones.com\/#\/schema\/logo\/image\/\",\"url\":\"https:\/\/res.cloudinary.com\/dq0qvgzee\/images\/f_auto,q_auto:good\/v1616779997\/matadragones\/matadragones.jpg?_i=AA\",\"contentUrl\":\"https:\/\/res.cloudinary.com\/dq0qvgzee\/images\/f_auto,q_auto:good\/v1616779997\/matadragones\/matadragones.jpg?_i=AA\",\"width\":2460,\"height\":1080,\"caption\":\"Matadragones\"},\"image\":{\"@id\":\"https:\/\/matadragones.com\/#\/schema\/logo\/image\/\"},\"sameAs\":[\"https:\/\/www.facebook.com\/matadragones.mx\",\"https:\/\/www.instagram.com\/matadragonesmx\/\"]}]}<\/script>\n<!-- \/ Yoast SEO plugin. -->","yoast_head_json":{"title":"About | Matadragones","description":"Matadragones es una casa productora mexicana de cine dedicada a la creaci\u00f3n de pel\u00edculas, videoclips, publicidad, fotograf\u00eda, m\u00fasica y animaci\u00f3n. \u00a1Escr\u00edbenos!","robots":{"index":"index","follow":"follow","max-snippet":"max-snippet:-1","max-image-preview":"max-image-preview:large","max-video-preview":"max-video-preview:-1"},"canonical":"https:\/\/matadragones.com\/en\/about\/","og_locale":"en_US","og_type":"article","og_title":"About | Matadragones","og_description":"Matadragones es una casa productora mexicana de cine dedicada a la creaci\u00f3n de pel\u00edculas, videoclips, publicidad, fotograf\u00eda, m\u00fasica y animaci\u00f3n. \u00a1Escr\u00edbenos!","og_url":"https:\/\/matadragones.com\/en\/about\/","og_site_name":"Matadragones","article_publisher":"https:\/\/www.facebook.com\/matadragones.mx","article_modified_time":"2022-04-28T02:48:06+00:00","og_image":[{"url":"https:\/\/res.cloudinary.com\/dq0qvgzee\/images\/v1616779944\/JORGE-1\/JORGE-1.jpg?_i=AA","type":"","width":"","height":""}],"twitter_card":"summary_large_image","twitter_misc":{"Est. reading time":"2 minutes"},"schema":{"@context":"https:\/\/schema.org","@graph":[{"@type":"WebPage","@id":"https:\/\/matadragones.com\/about\/","url":"https:\/\/matadragones.com\/about\/","name":"About | Matadragones","isPartOf":{"@id":"https:\/\/matadragones.com\/#website"},"primaryImageOfPage":{"@id":"https:\/\/matadragones.com\/about\/#primaryimage"},"image":{"@id":"https:\/\/matadragones.com\/about\/#primaryimage"},"thumbnailUrl":"https:\/\/res.cloudinary.com\/dq0qvgzee\/images\/v1616779944\/JORGE-1\/JORGE-1.jpg?_i=AA","datePublished":"2020-03-30T14:23:07+00:00","dateModified":"2022-04-28T02:48:06+00:00","description":"Matadragones es una casa productora mexicana de cine dedicada a la creaci\u00f3n de pel\u00edculas, videoclips, publicidad, fotograf\u00eda, m\u00fasica y animaci\u00f3n. \u00a1Escr\u00edbenos!","breadcrumb":{"@id":"https:\/\/matadragones.com\/about\/#breadcrumb"},"inLanguage":"en-US","potentialAction":[{"@type":"ReadAction","target":["https:\/\/matadragones.com\/about\/"]}]},{"@type":"ImageObject","inLanguage":"en-US","@id":"https:\/\/matadragones.com\/about\/#primaryimage","url":"https:\/\/res.cloudinary.com\/dq0qvgzee\/images\/v1616779944\/JORGE-1\/JORGE-1.jpg?_i=AA","contentUrl":"https:\/\/res.cloudinary.com\/dq0qvgzee\/images\/v1616779944\/JORGE-1\/JORGE-1.jpg?_i=AA"},{"@type":"BreadcrumbList","@id":"https:\/\/matadragones.com\/about\/#breadcrumb","itemListElement":[{"@type":"ListItem","position":1,"name":"Home","item":"https:\/\/matadragones.com\/"},{"@type":"ListItem","position":2,"name":"About"}]},{"@type":"WebSite","@id":"https:\/\/matadragones.com\/#website","url":"https:\/\/matadragones.com\/","name":"DRAGONSLAYERS","description":"Imagen Sonido Movimiento","publisher":{"@id":"https:\/\/matadragones.com\/#organization"},"potentialAction":[{"@type":"SearchAction","target":{"@type":"EntryPoint","urlTemplate":"https:\/\/matadragones.com\/?s={search_term_string}"},"query-input":{"@type":"PropertyValueSpecification","valueRequired":true,"valueName":"search_term_string"}}],"inLanguage":"en-US"},{"@type":"Organization","@id":"https:\/\/matadragones.com\/#organization","name":"DRAGONSLAYERS","url":"https:\/\/matadragones.com\/","logo":{"@type":"ImageObject","inLanguage":"en-US","@id":"https:\/\/matadragones.com\/#\/schema\/logo\/image\/","url":"https:\/\/res.cloudinary.com\/dq0qvgzee\/images\/f_auto,q_auto:good\/v1616779997\/matadragones\/matadragones.jpg?_i=AA","contentUrl":"https:\/\/res.cloudinary.com\/dq0qvgzee\/images\/f_auto,q_auto:good\/v1616779997\/matadragones\/matadragones.jpg?_i=AA","width":2460,"height":1080,"caption":"Matadragones"},"image":{"@id":"https:\/\/matadragones.com\/#\/schema\/logo\/image\/"},"sameAs":["https:\/\/www.facebook.com\/matadragones.mx","https:\/\/www.instagram.com\/matadragonesmx\/"]}]}},"_links":{"self":[{"href":"https:\/\/matadragones.com\/en\/wp-json\/wp\/v2\/pages\/110","targetHints":{"allow":["GET"]}}],"collection":[{"href":"https:\/\/matadragones.com\/en\/wp-json\/wp\/v2\/pages"}],"about":[{"href":"https:\/\/matadragones.com\/en\/wp-json\/wp\/v2\/types\/page"}],"author":[{"embeddable":true,"href":"https:\/\/matadragones.com\/en\/wp-json\/wp\/v2\/users\/2"}],"replies":[{"embeddable":true,"href":"https:\/\/matadragones.com\/en\/wp-json\/wp\/v2\/comments?post=110"}],"version-history":[{"count":0,"href":"https:\/\/matadragones.com\/en\/wp-json\/wp\/v2\/pages\/110\/revisions"}],"wp:attachment":[{"href":"https:\/\/matadragones.com\/en\/wp-json\/wp\/v2\/media?parent=110"}],"curies":[{"name":"wp","href":"https:\/\/api.w.org\/{rel}","templated":true}]}}